{"id":4832,"date":"2025-11-26T11:40:12","date_gmt":"2025-11-26T11:40:12","guid":{"rendered":"https:\/\/sviluppo.cimolai.com\/?page_id=4832"},"modified":"2026-03-24T11:57:14","modified_gmt":"2026-03-24T11:57:14","slug":"lavora-con-noi","status":"publish","type":"page","link":"https:\/\/sviluppo.cimolai.com\/esp\/lavora-con-noi\/","title":{"rendered":"Trabaja con nosotros"},"content":{"rendered":"<div data-elementor-type=\"wp-page\" data-elementor-id=\"4832\" class=\"elementor elementor-4832\" data-elementor-post-type=\"page\">\n\t\t\t\t<div data-yec-lazyload-case=\"dynamic-bg\" class=\"elementor-element elementor-element-68c80bb e-con-full e-flex e-con e-parent\" data-id=\"68c80bb\" data-element_type=\"container\" data-e-type=\"container\" data-settings=\"{&quot;background_background&quot;:&quot;classic&quot;}\">\n\t\t<div class=\"elementor-element elementor-element-cf6565f drop-shadow-md-dark-blue e-flex e-con-boxed e-con e-child\" data-id=\"cf6565f\" data-element_type=\"container\" data-e-type=\"container\">\n\t\t\t\t\t<div class=\"e-con-inner\">\n\t\t<div class=\"elementor-element elementor-element-8f6f3e5 e-con-full drop-shadow-lg-dark-blue e-flex e-con e-child\" data-id=\"8f6f3e5\" data-element_type=\"container\" data-e-type=\"container\">\n\t\t\t\t<div class=\"elementor-element elementor-element-355f2ae elementor-widget elementor-widget-heading\" data-id=\"355f2ae\" data-element_type=\"widget\" data-e-type=\"widget\" data-widget_type=\"heading.default\">\n\t\t\t\t<div class=\"elementor-widget-container\">\n\t\t\t\t\t<h1 class=\"elementor-heading-title elementor-size-default\">Trabaja con nosotros<\/h1>\t\t\t\t<\/div>\n\t\t\t\t<\/div>\n\t\t\t\t<div class=\"elementor-element elementor-element-43c555f elementor-hidden-mobile elementor-widget elementor-widget-text-editor\" data-id=\"43c555f\" data-element_type=\"widget\" data-e-type=\"widget\" data-widget_type=\"text-editor.default\">\n\t\t\t\t<div class=\"elementor-widget-container\">\n\t\t\t\t\t\t\t\t\tLe persone sono il cuore del nostro successo.\u2028Che tu sia all\u2019inizio del tuo percorso o un professionista esperto, il tuo potenziale \u00e8 infinito.\t\t\t\t\t\t\t\t<\/div>\n\t\t\t\t<\/div>\n\t\t\t\t<div class=\"elementor-element elementor-element-9f6495e hover-translateX elementor-widget elementor-widget-button\" data-id=\"9f6495e\" data-element_type=\"widget\" data-e-type=\"widget\" data-widget_type=\"button.default\">\n\t\t\t\t<div class=\"elementor-widget-container\">\n\t\t\t\t\t\t\t\t\t<div class=\"elementor-button-wrapper\">\n\t\t\t\t\t<a class=\"elementor-button elementor-button-link elementor-size-sm\" href=\"https:\/\/candidati.cimolai.com\" target=\"_blank\" rel=\"noopener\">\n\t\t\t\t\t\t<span class=\"elementor-button-content-wrapper\">\n\t\t\t\t\t\t<span class=\"elementor-button-icon\">\n\t\t\t\t<svg xmlns=\"http:\/\/www.w3.org\/2000\/svg\" height=\"24px\" viewbox=\"0 -960 960 960\" width=\"24px\"><path d=\"m560-240-56-58 142-142H160v-80h486L504-662l56-58 240 240-240 240Z\"><\/path><\/svg>\t\t\t<\/span>\n\t\t\t\t\t\t\t\t\t<span class=\"elementor-button-text\">Descubre las posiciones abiertas<\/span>\n\t\t\t\t\t<\/span>\n\t\t\t\t\t<\/a>\n\t\t\t\t<\/div>\n\t\t\t\t\t\t\t\t<\/div>\n\t\t\t\t<\/div>\n\t\t\t\t<\/div>\n\t\t\t\t\t<\/div>\n\t\t\t\t<\/div>\n\t\t\t\t<\/div>\n\t\t<div class=\"elementor-element elementor-element-8d44985 elementor-hidden-desktop elementor-hidden-laptop elementor-hidden-tablet e-flex e-con-boxed e-con e-parent\" data-id=\"8d44985\" data-element_type=\"container\" data-e-type=\"container\">\n\t\t\t\t\t<div class=\"e-con-inner\">\n\t\t<div class=\"elementor-element elementor-element-e8ccd51 e-con-full e-flex e-con e-child\" data-id=\"e8ccd51\" data-element_type=\"container\" data-e-type=\"container\">\n\t\t\t\t<div class=\"elementor-element elementor-element-50f6006 elementor-widget elementor-widget-text-editor\" data-id=\"50f6006\" data-element_type=\"widget\" data-e-type=\"widget\" data-widget_type=\"text-editor.default\">\n\t\t\t\t<div class=\"elementor-widget-container\">\n\t\t\t\t\t\t\t\t\tLe persone sono il cuore del nostro successo.\u2028Che tu sia all\u2019inizio del tuo percorso o un professionista esperto, il tuo potenziale \u00e8 infinito.\t\t\t\t\t\t\t\t<\/div>\n\t\t\t\t<\/div>\n\t\t\t\t<div class=\"elementor-element elementor-element-5537882 hover-translateX elementor-widget elementor-widget-button\" data-id=\"5537882\" data-element_type=\"widget\" data-e-type=\"widget\" data-widget_type=\"button.default\">\n\t\t\t\t<div class=\"elementor-widget-container\">\n\t\t\t\t\t\t\t\t\t<div class=\"elementor-button-wrapper\">\n\t\t\t\t\t<a class=\"elementor-button elementor-button-link elementor-size-sm\" href=\"https:\/\/candidati.cimolai.com\" target=\"_blank\" rel=\"noopener\">\n\t\t\t\t\t\t<span class=\"elementor-button-content-wrapper\">\n\t\t\t\t\t\t<span class=\"elementor-button-icon\">\n\t\t\t\t<svg xmlns=\"http:\/\/www.w3.org\/2000\/svg\" height=\"24px\" viewbox=\"0 -960 960 960\" width=\"24px\"><path d=\"m560-240-56-58 142-142H160v-80h486L504-662l56-58 240 240-240 240Z\"><\/path><\/svg>\t\t\t<\/span>\n\t\t\t\t\t\t\t\t\t<span class=\"elementor-button-text\">Descubre las posiciones abiertas<\/span>\n\t\t\t\t\t<\/span>\n\t\t\t\t\t<\/a>\n\t\t\t\t<\/div>\n\t\t\t\t\t\t\t\t<\/div>\n\t\t\t\t<\/div>\n\t\t\t\t<\/div>\n\t\t\t\t\t<\/div>\n\t\t\t\t<\/div>\n\t\t<div class=\"elementor-element elementor-element-b07e6c2 e-flex e-con-boxed e-con e-parent\" data-id=\"b07e6c2\" data-element_type=\"container\" data-e-type=\"container\">\n\t\t\t\t\t<div class=\"e-con-inner\">\n\t\t\t\t<div class=\"elementor-element elementor-element-63ca464 elementor-widget elementor-widget-heading\" data-id=\"63ca464\" data-element_type=\"widget\" data-e-type=\"widget\" data-widget_type=\"heading.default\">\n\t\t\t\t<div class=\"elementor-widget-container\">\n\t\t\t\t\t<h2 class=\"elementor-heading-title elementor-size-default\">Il nostro successo parla di persone<\/h2>\t\t\t\t<\/div>\n\t\t\t\t<\/div>\n\t\t\t\t<div class=\"elementor-element elementor-element-c924143 elementor-widget elementor-widget-text-editor\" data-id=\"c924143\" data-element_type=\"widget\" data-e-type=\"widget\" data-widget_type=\"text-editor.default\">\n\t\t\t\t<div class=\"elementor-widget-container\">\n\t\t\t\t\t\t\t\t\t<p>La nostra storia e le nostre competenze, unite alle esperienze delle nostre Persone, permettono di creare progetti di innovazioni e successo.<\/p>\t\t\t\t\t\t\t\t<\/div>\n\t\t\t\t<\/div>\n\t\t\t\t<div class=\"elementor-element elementor-element-100368e elementor-widget elementor-widget-text-editor\" data-id=\"100368e\" data-element_type=\"widget\" data-e-type=\"widget\" data-widget_type=\"text-editor.default\">\n\t\t\t\t<div class=\"elementor-widget-container\">\n\t\t\t\t\t\t\t\t\t<p>Progettiamo, realizziamo ed installiamo opere in carpenteria metallica principalmente nel campo dell\u2019ingegneria Civile, Industriale, Militare e Aerospaziale.<br \/>Operiamo inoltre nel settore Energy, Marittimo e nella produzione di tubi LSAW.<\/p><p>Nacimos en 1949 en el pordenon\u00e9s. Desde aqu\u00ed, miramos al futuro motivados por la pasi\u00f3n y la innovaci\u00f3n, sin perder de vista lo que realmente importa para nosotros.<\/p>\t\t\t\t\t\t\t\t<\/div>\n\t\t\t\t<\/div>\n\t\t\t\t<div class=\"elementor-element elementor-element-2826ad0 elementor-widget elementor-widget-image\" data-id=\"2826ad0\" data-element_type=\"widget\" data-e-type=\"widget\" data-widget_type=\"image.default\">\n\t\t\t\t<div class=\"elementor-widget-container\">\n\t\t\t\t\t\t\t\t\t\t\t\t\t\t\t<img fetchpriority=\"high\" decoding=\"async\" width=\"1890\" height=\"887\" src=\"https:\/\/sviluppo.cimolai.com\/wp-content\/uploads\/2026\/03\/UT-2.png\" class=\"attachment-full size-full wp-image-5757\" alt=\"\" srcset=\"https:\/\/sviluppo.cimolai.com\/wp-content\/uploads\/2026\/03\/UT-2.png 1890w, https:\/\/sviluppo.cimolai.com\/wp-content\/uploads\/2026\/03\/UT-2-300x141.png 300w, https:\/\/sviluppo.cimolai.com\/wp-content\/uploads\/2026\/03\/UT-2-1024x481.png 1024w, https:\/\/sviluppo.cimolai.com\/wp-content\/uploads\/2026\/03\/UT-2-768x360.png 768w, https:\/\/sviluppo.cimolai.com\/wp-content\/uploads\/2026\/03\/UT-2-1536x721.png 1536w, https:\/\/sviluppo.cimolai.com\/wp-content\/uploads\/2026\/03\/UT-2-18x8.png 18w\" sizes=\"(max-width: 1890px) 100vw, 1890px\" \/>\t\t\t\t\t\t\t\t\t\t\t\t\t\t\t<\/div>\n\t\t\t\t<\/div>\n\t\t\t\t\t<\/div>\n\t\t\t\t<\/div>\n\t\t<div data-yec-lazyload-case=\"static-bg\" data-yec-full-image=\"https:\/\/sviluppo.cimolai.com\/wp-content\/uploads\/2026\/03\/cimolai-Cantiere-1.jpg\" class=\"elementor-element elementor-element-a65f27d e-flex e-con-boxed e-con e-parent\" data-id=\"a65f27d\" data-element_type=\"container\" data-e-type=\"container\" data-settings=\"{&quot;background_background&quot;:&quot;classic&quot;}\">\n\t\t\t\t\t<div class=\"e-con-inner\">\n\t\t<div class=\"elementor-element elementor-element-039be0a e-con-full e-flex e-con e-child\" data-id=\"039be0a\" data-element_type=\"container\" data-e-type=\"container\">\n\t\t\t\t<div class=\"elementor-element elementor-element-b2e43c9 elementor-widget elementor-widget-spacer\" data-id=\"b2e43c9\" data-element_type=\"widget\" data-e-type=\"widget\" data-widget_type=\"spacer.default\">\n\t\t\t\t<div class=\"elementor-widget-container\">\n\t\t\t\t\t\t\t<div class=\"elementor-spacer\">\n\t\t\t<div class=\"elementor-spacer-inner\"><\/div>\n\t\t<\/div>\n\t\t\t\t\t\t<\/div>\n\t\t\t\t<\/div>\n\t\t\t\t<div class=\"elementor-element elementor-element-a2d6d29 elementor-widget elementor-widget-heading\" data-id=\"a2d6d29\" data-element_type=\"widget\" data-e-type=\"widget\" data-widget_type=\"heading.default\">\n\t\t\t\t<div class=\"elementor-widget-container\">\n\t\t\t\t\t<p class=\"elementor-heading-title elementor-size-default\">Lavoro per crescere, insieme<\/p>\t\t\t\t<\/div>\n\t\t\t\t<\/div>\n\t\t\t\t<div class=\"elementor-element elementor-element-94272df elementor-widget elementor-widget-text-editor\" data-id=\"94272df\" data-element_type=\"widget\" data-e-type=\"widget\" data-widget_type=\"text-editor.default\">\n\t\t\t\t<div class=\"elementor-widget-container\">\n\t\t\t\t\t\t\t\t\t<p>I progetti internazionali di Cimolai sono la base di un percorso professionale in costante evoluzione e offrono opportunit\u00e0 di crescita fondate su trasparenza, solidit\u00e0, eccellenza e rispetto.<\/p>\t\t\t\t\t\t\t\t<\/div>\n\t\t\t\t<\/div>\n\t\t<div class=\"elementor-element elementor-element-7d569bd e-con-full e-grid e-con e-child\" data-id=\"7d569bd\" data-element_type=\"container\" data-e-type=\"container\">\n\t\t<div class=\"elementor-element elementor-element-047fe20 e-con-full e-flex e-con e-child\" data-id=\"047fe20\" data-element_type=\"container\" data-e-type=\"container\">\n\t\t\t\t<div class=\"elementor-element elementor-element-bd639d8 elementor-widget elementor-widget-heading\" data-id=\"bd639d8\" data-element_type=\"widget\" data-e-type=\"widget\" data-widget_type=\"heading.default\">\n\t\t\t\t<div class=\"elementor-widget-container\">\n\t\t\t\t\t<p class=\"elementor-heading-title elementor-size-default\">Crescita e valori condivisi<\/p>\t\t\t\t<\/div>\n\t\t\t\t<\/div>\n\t\t\t\t<div class=\"elementor-element elementor-element-5321d9d elementor-widget elementor-widget-text-editor\" data-id=\"5321d9d\" data-element_type=\"widget\" data-e-type=\"widget\" data-widget_type=\"text-editor.default\">\n\t\t\t\t<div class=\"elementor-widget-container\">\n\t\t\t\t\t\t\t\t\t<p>Crediamo nel talento, nell\u2019impegno e nella crescita di chi lavora con noi, favorendo un ambiente sicuro, inclusivo e stimolante, dove ciascuno possa esprimere al meglio le proprie capacit\u00e0.<\/p>\t\t\t\t\t\t\t\t<\/div>\n\t\t\t\t<\/div>\n\t\t\t\t<\/div>\n\t\t<div class=\"elementor-element elementor-element-54eca1f e-con-full e-flex e-con e-child\" data-id=\"54eca1f\" data-element_type=\"container\" data-e-type=\"container\">\n\t\t\t\t<div class=\"elementor-element elementor-element-d975084 elementor-widget elementor-widget-heading\" data-id=\"d975084\" data-element_type=\"widget\" data-e-type=\"widget\" data-widget_type=\"heading.default\">\n\t\t\t\t<div class=\"elementor-widget-container\">\n\t\t\t\t\t<p class=\"elementor-heading-title elementor-size-default\">Formazione continua e lavoro di squadra<\/p>\t\t\t\t<\/div>\n\t\t\t\t<\/div>\n\t\t\t\t<div class=\"elementor-element elementor-element-611d9dd elementor-widget elementor-widget-text-editor\" data-id=\"611d9dd\" data-element_type=\"widget\" data-e-type=\"widget\" data-widget_type=\"text-editor.default\">\n\t\t\t\t<div class=\"elementor-widget-container\">\n\t\t\t\t\t\t\t\t\t<p>Sosteniamo la formazione continua e la condivisione delle competenze, incoraggiando il lavoro di squadra e lo scambio di idee per il raggiungimento di obiettivi comuni.<\/p>\t\t\t\t\t\t\t\t<\/div>\n\t\t\t\t<\/div>\n\t\t\t\t<\/div>\n\t\t\t\t<\/div>\n\t\t\t\t<\/div>\n\t\t\t\t\t<\/div>\n\t\t\t\t<\/div>\n\t\t<div class=\"elementor-element elementor-element-02516f3 e-con-full e-flex e-con e-parent\" data-id=\"02516f3\" data-element_type=\"container\" data-e-type=\"container\">\n\t\t\t\t<div class=\"elementor-element elementor-element-a214e3f elementor-widget elementor-widget-template\" data-id=\"a214e3f\" data-element_type=\"widget\" data-e-type=\"widget\" data-widget_type=\"template.default\">\n\t\t\t\t<div class=\"elementor-widget-container\">\n\t\t\t\t\t\t\t<div class=\"elementor-template\">\n\t\t\t\t\t<div data-elementor-type=\"container\" data-elementor-id=\"4877\" class=\"elementor elementor-4877\" data-elementor-post-type=\"elementor_library\">\n\t\t\t\t<div class=\"elementor-element elementor-element-755e3667 e-flex e-con-boxed e-con e-child\" data-id=\"755e3667\" data-element_type=\"container\" data-e-type=\"container\" data-settings=\"{&quot;background_background&quot;:&quot;classic&quot;}\">\n\t\t\t\t\t<div class=\"e-con-inner\">\n\t\t<div class=\"elementor-element elementor-element-53fe2697 e-con-full e-flex e-con e-child\" data-id=\"53fe2697\" data-element_type=\"container\" data-e-type=\"container\">\n\t\t\t\t<div class=\"elementor-element elementor-element-508056c4 elementor-widget elementor-widget-heading\" data-id=\"508056c4\" data-element_type=\"widget\" data-e-type=\"widget\" data-widget_type=\"heading.default\">\n\t\t\t\t<div class=\"elementor-widget-container\">\n\t\t\t\t\t<h2 class=\"elementor-heading-title elementor-size-default\">Trabaja con nosotros<\/h2>\t\t\t\t<\/div>\n\t\t\t\t<\/div>\n\t\t<div class=\"elementor-element elementor-element-50599dba e-con-full e-flex e-con e-child\" data-id=\"50599dba\" data-element_type=\"container\" data-e-type=\"container\">\n\t\t\t\t<div class=\"elementor-element elementor-element-754bee18 elementor-widget elementor-widget-heading\" data-id=\"754bee18\" data-element_type=\"widget\" data-e-type=\"widget\" data-widget_type=\"heading.default\">\n\t\t\t\t<div class=\"elementor-widget-container\">\n\t\t\t\t\t<h3 class=\"elementor-heading-title elementor-size-default\">\u00danete al equipo Cimolai<\/h3>\t\t\t\t<\/div>\n\t\t\t\t<\/div>\n\t\t\t\t<div class=\"elementor-element elementor-element-30e4f550 elementor-widget__width-initial elementor-widget elementor-widget-text-editor\" data-id=\"30e4f550\" data-element_type=\"widget\" data-e-type=\"widget\" data-widget_type=\"text-editor.default\">\n\t\t\t\t<div class=\"elementor-widget-container\">\n\t\t\t\t\t\t\t\t\t<p>Vuoi entrare a far parte dei nostri 1.000 collaboratori e diventare anche tu una Cimolai Professional?<\/p><p>Dai un\u2019occhiata alle posizioni aperte o condividici il tuo interesse a lavorare con noi con una candidatura spontanea.<\/p>\t\t\t\t\t\t\t\t<\/div>\n\t\t\t\t<\/div>\n\t\t\t\t<\/div>\n\t\t\t\t<div class=\"elementor-element elementor-element-400a7471 hover-translateX underline-stroke-075 elementor-widget elementor-widget-button\" data-id=\"400a7471\" data-element_type=\"widget\" data-e-type=\"widget\" data-widget_type=\"button.default\">\n\t\t\t\t<div class=\"elementor-widget-container\">\n\t\t\t\t\t\t\t\t\t<div class=\"elementor-button-wrapper\">\n\t\t\t\t\t<a class=\"elementor-button elementor-button-link elementor-size-sm\" href=\"#\">\n\t\t\t\t\t\t<span class=\"elementor-button-content-wrapper\">\n\t\t\t\t\t\t<span class=\"elementor-button-icon\">\n\t\t\t\t<svg xmlns=\"http:\/\/www.w3.org\/2000\/svg\" height=\"24px\" viewbox=\"0 -960 960 960\" width=\"24px\"><path d=\"m560-240-56-58 142-142H160v-80h486L504-662l56-58 240 240-240 240Z\"><\/path><\/svg>\t\t\t<\/span>\n\t\t\t\t\t\t\t\t\t<span class=\"elementor-button-text\">Descubre las posiciones abiertas<\/span>\n\t\t\t\t\t<\/span>\n\t\t\t\t\t<\/a>\n\t\t\t\t<\/div>\n\t\t\t\t\t\t\t\t<\/div>\n\t\t\t\t<\/div>\n\t\t\t\t<\/div>\n\t\t<div data-yec-lazyload-case=\"static-bg\" data-yec-full-image=\"https:\/\/sviluppo.cimolai.com\/wp-content\/uploads\/2025\/12\/cimolai-PIATTAFORMA-BIENNALE_20250808_03.jpg\" class=\"elementor-element elementor-element-6ae5498f e-con-full e-flex e-con e-child\" data-id=\"6ae5498f\" data-element_type=\"container\" data-e-type=\"container\" data-settings=\"{&quot;background_background&quot;:&quot;classic&quot;}\">\n\t\t\t\t<div class=\"elementor-element elementor-element-65a22427 elementor-widget elementor-widget-spacer\" data-id=\"65a22427\" data-element_type=\"widget\" data-e-type=\"widget\" data-widget_type=\"spacer.default\">\n\t\t\t\t<div class=\"elementor-widget-container\">\n\t\t\t\t\t\t\t<div class=\"elementor-spacer\">\n\t\t\t<div class=\"elementor-spacer-inner\"><\/div>\n\t\t<\/div>\n\t\t\t\t\t\t<\/div>\n\t\t\t\t<\/div>\n\t\t\t\t<\/div>\n\t\t\t\t\t<\/div>\n\t\t\t\t<\/div>\n\t\t\t\t<\/div>\n\t\t\t\t<\/div>\n\t\t\t\t\t\t<\/div>\n\t\t\t\t<\/div>\n\t\t\t\t<\/div>\n\t\t<div class=\"elementor-element elementor-element-aceb3a4 e-con-full e-flex e-con e-parent\" data-id=\"aceb3a4\" data-element_type=\"container\" data-e-type=\"container\">\n\t\t\t\t<div class=\"elementor-element elementor-element-03aae34 elementor-widget elementor-widget-template\" data-id=\"03aae34\" data-element_type=\"widget\" data-e-type=\"widget\" data-widget_type=\"template.default\">\n\t\t\t\t<div class=\"elementor-widget-container\">\n\t\t\t\t\t\t\t<div class=\"elementor-template\">\n\t\t\t\t\t<div data-elementor-type=\"container\" data-elementor-id=\"4881\" class=\"elementor elementor-4881\" data-elementor-post-type=\"elementor_library\">\n\t\t\t\t<div data-yec-lazyload-case=\"static-bg\" data-yec-full-image=\"https:\/\/sviluppo.cimolai.com\/wp-content\/uploads\/2026\/02\/Medio-Padana_stazione_Reggio-Emilia_01-scaled.jpg\" class=\"elementor-element elementor-element-68ce1331 e-flex e-con-boxed e-con e-parent\" data-id=\"68ce1331\" data-element_type=\"container\" data-e-type=\"container\" data-settings=\"{&quot;background_background&quot;:&quot;classic&quot;}\">\n\t\t\t\t\t<div class=\"e-con-inner\">\n\t\t\t\t<div class=\"elementor-element elementor-element-2c36556f drop-shadow-md-dark-blue elementor-widget elementor-widget-heading\" data-id=\"2c36556f\" data-element_type=\"widget\" data-e-type=\"widget\" data-widget_type=\"heading.default\">\n\t\t\t\t<div class=\"elementor-widget-container\">\n\t\t\t\t\t<h3 class=\"elementor-heading-title elementor-size-default\">Sostenibilidad<\/h3>\t\t\t\t<\/div>\n\t\t\t\t<\/div>\n\t\t<div class=\"elementor-element elementor-element-56515ae0 e-con-full e-flex e-con e-child\" data-id=\"56515ae0\" data-element_type=\"container\" data-e-type=\"container\">\n\t\t\t\t<div class=\"elementor-element elementor-element-7493a6a1 drop-shadow-md-dark-blue elementor-widget elementor-widget-heading\" data-id=\"7493a6a1\" data-element_type=\"widget\" data-e-type=\"widget\" data-widget_type=\"heading.default\">\n\t\t\t\t<div class=\"elementor-widget-container\">\n\t\t\t\t\t<p class=\"elementor-heading-title elementor-size-default\">Il nostro viaggio verso la sostenibilit\u00e0<\/p>\t\t\t\t<\/div>\n\t\t\t\t<\/div>\n\t\t\t\t<div class=\"elementor-element elementor-element-1f2ef573 drop-shadow-md-dark-blue elementor-widget__width-initial elementor-widget elementor-widget-text-editor\" data-id=\"1f2ef573\" data-element_type=\"widget\" data-e-type=\"widget\" data-widget_type=\"text-editor.default\">\n\t\t\t\t<div class=\"elementor-widget-container\">\n\t\t\t\t\t\t\t\t\t<p>Per l\u2019ambiente, le persone e il territorio, con etica e trasparenza. \u2028Il nostro impegno per un futuro pi\u00f9 sostenibile.<\/p>\t\t\t\t\t\t\t\t<\/div>\n\t\t\t\t<\/div>\n\t\t\t\t<div class=\"elementor-element elementor-element-1c6350c5 hover-translateX drop-shadow-md-dark-blue  link-decoration-underline underline-color-white underline-stroke-075 elementor-widget elementor-widget-button\" data-id=\"1c6350c5\" data-element_type=\"widget\" data-e-type=\"widget\" data-widget_type=\"button.default\">\n\t\t\t\t<div class=\"elementor-widget-container\">\n\t\t\t\t\t\t\t\t\t<div class=\"elementor-button-wrapper\">\n\t\t\t\t\t<a class=\"elementor-button elementor-button-link elementor-size-sm\" href=\"https:\/\/sviluppo.cimolai.com\/esp\/sostenibilita\/\">\n\t\t\t\t\t\t<span class=\"elementor-button-content-wrapper\">\n\t\t\t\t\t\t<span class=\"elementor-button-icon\">\n\t\t\t\t<svg xmlns=\"http:\/\/www.w3.org\/2000\/svg\" height=\"24px\" viewbox=\"0 -960 960 960\" width=\"24px\"><path d=\"m560-240-56-58 142-142H160v-80h486L504-662l56-58 240 240-240 240Z\"><\/path><\/svg>\t\t\t<\/span>\n\t\t\t\t\t\t\t\t\t<span class=\"elementor-button-text\">Sostenibilidad<\/span>\n\t\t\t\t\t<\/span>\n\t\t\t\t\t<\/a>\n\t\t\t\t<\/div>\n\t\t\t\t\t\t\t\t<\/div>\n\t\t\t\t<\/div>\n\t\t\t\t<\/div>\n\t\t\t\t\t<\/div>\n\t\t\t\t<\/div>\n\t\t\t\t<\/div>\n\t\t\t\t<\/div>\n\t\t\t\t\t\t<\/div>\n\t\t\t\t<\/div>\n\t\t\t\t<\/div>\n\t\t\t\t<\/div>","protected":false},"excerpt":{"rendered":"<p>Le persone sono il cuore del nostro successo.\u2028Che tu sia all\u2019inizio del tuo percorso o un professionista esperto, il tuo potenziale \u00e8 infinito.<\/p>","protected":false},"author":1,"featured_media":5748,"parent":0,"menu_order":0,"comment_status":"closed","ping_status":"closed","template":"","meta":{"_acf_changed":false,"footnotes":""},"class_list":["post-4832","page","type-page","status-publish","has-post-thumbnail","hentry"],"acf":[],"_links":{"self":[{"href":"https:\/\/sviluppo.cimolai.com\/esp\/wp-json\/wp\/v2\/pages\/4832","targetHints":{"allow":["GET"]}}],"collection":[{"href":"https:\/\/sviluppo.cimolai.com\/esp\/wp-json\/wp\/v2\/pages"}],"about":[{"href":"https:\/\/sviluppo.cimolai.com\/esp\/wp-json\/wp\/v2\/types\/page"}],"author":[{"embeddable":true,"href":"https:\/\/sviluppo.cimolai.com\/esp\/wp-json\/wp\/v2\/users\/1"}],"replies":[{"embeddable":true,"href":"https:\/\/sviluppo.cimolai.com\/esp\/wp-json\/wp\/v2\/comments?post=4832"}],"version-history":[{"count":25,"href":"https:\/\/sviluppo.cimolai.com\/esp\/wp-json\/wp\/v2\/pages\/4832\/revisions"}],"predecessor-version":[{"id":5781,"href":"https:\/\/sviluppo.cimolai.com\/esp\/wp-json\/wp\/v2\/pages\/4832\/revisions\/5781"}],"wp:featuredmedia":[{"embeddable":true,"href":"https:\/\/sviluppo.cimolai.com\/esp\/wp-json\/wp\/v2\/media\/5748"}],"wp:attachment":[{"href":"https:\/\/sviluppo.cimolai.com\/esp\/wp-json\/wp\/v2\/media?parent=4832"}],"curies":[{"name":"wp","href":"https:\/\/api.w.org\/{rel}","templated":true}]}}