{"id":808,"date":"2025-06-24T15:09:54","date_gmt":"2025-06-24T15:09:54","guid":{"rendered":"https:\/\/cimolai.gruppoyec.it\/?page_id=808"},"modified":"2026-03-13T08:45:14","modified_gmt":"2026-03-13T08:45:14","slug":"aereospaziale-e-difesa","status":"publish","type":"page","link":"https:\/\/sviluppo.cimolai.com\/fra\/aree-di-business\/aereospaziale-e-difesa\/","title":{"rendered":"Aerospaziale e difesa"},"content":{"rendered":"<div data-elementor-type=\"wp-page\" data-elementor-id=\"808\" class=\"elementor elementor-808\" data-elementor-post-type=\"page\">\n\t\t\t\t<div data-yec-lazyload-case=\"dynamic-bg\" class=\"elementor-element elementor-element-d7823f7 e-con-full e-flex e-con e-parent\" data-id=\"d7823f7\" data-element_type=\"container\" data-e-type=\"container\" data-settings=\"{&quot;background_background&quot;:&quot;classic&quot;}\">\n\t\t\t\t<div class=\"elementor-element elementor-element-f718a3c elementor-absolute elementor-widget elementor-widget-text-editor\" data-id=\"f718a3c\" data-element_type=\"widget\" data-e-type=\"widget\" data-settings=\"{&quot;_position&quot;:&quot;absolute&quot;}\" data-widget_type=\"text-editor.default\">\n\t\t\t\t<div class=\"elementor-widget-container\">\n\t\t\t\t\t\t\t\t\t<p>photo credits ESO<\/p>\t\t\t\t\t\t\t\t<\/div>\n\t\t\t\t<\/div>\n\t\t<div class=\"elementor-element elementor-element-7919e8f drop-shadow-md-dark-blue e-flex e-con-boxed e-con e-child\" data-id=\"7919e8f\" data-element_type=\"container\" data-e-type=\"container\">\n\t\t\t\t\t<div class=\"e-con-inner\">\n\t\t<div class=\"elementor-element elementor-element-20236d1 e-con-full drop-shadow-lg-dark-blue e-flex e-con e-child\" data-id=\"20236d1\" data-element_type=\"container\" data-e-type=\"container\">\n\t\t\t\t<div class=\"elementor-element elementor-element-c361753 elementor-widget elementor-widget-heading\" data-id=\"c361753\" data-element_type=\"widget\" data-e-type=\"widget\" data-widget_type=\"heading.default\">\n\t\t\t\t<div class=\"elementor-widget-container\">\n\t\t\t\t\t<h1 class=\"elementor-heading-title elementor-size-default\">Aerospaziale e difesa<\/h1>\t\t\t\t<\/div>\n\t\t\t\t<\/div>\n\t\t\t\t<div class=\"elementor-element elementor-element-a9c6d89 elementor-hidden-mobile elementor-widget elementor-widget-text-editor\" data-id=\"a9c6d89\" data-element_type=\"widget\" data-e-type=\"widget\" data-widget_type=\"text-editor.default\">\n\t\t\t\t<div class=\"elementor-widget-container\">\n\t\t\t\t\t\t\t\t\tL\u2019esperienza maturata nella realizzazione di strutture complesse e ad alta precisione consente a Cimolai di affrontare sfide uniche, trasformando competenza tecnica in conoscenza e progresso.\t\t\t\t\t\t\t\t<\/div>\n\t\t\t\t<\/div>\n\t\t\t\t<\/div>\n\t\t\t\t\t<\/div>\n\t\t\t\t<\/div>\n\t\t\t\t<\/div>\n\t\t<div class=\"elementor-element elementor-element-b045986 elementor-hidden-desktop elementor-hidden-laptop elementor-hidden-tablet e-flex e-con-boxed e-con e-parent\" data-id=\"b045986\" data-element_type=\"container\" data-e-type=\"container\">\n\t\t\t\t\t<div class=\"e-con-inner\">\n\t\t<div class=\"elementor-element elementor-element-3b7cb10 e-con-full e-flex e-con e-child\" data-id=\"3b7cb10\" data-element_type=\"container\" data-e-type=\"container\">\n\t\t\t\t<div class=\"elementor-element elementor-element-528e83b elementor-widget elementor-widget-text-editor\" data-id=\"528e83b\" data-element_type=\"widget\" data-e-type=\"widget\" data-widget_type=\"text-editor.default\">\n\t\t\t\t<div class=\"elementor-widget-container\">\n\t\t\t\t\t\t\t\t\tL\u2019esperienza maturata nella realizzazione di strutture complesse e ad alta precisione consente a Cimolai di affrontare sfide uniche, trasformando competenza tecnica in conoscenza e progresso.\t\t\t\t\t\t\t\t<\/div>\n\t\t\t\t<\/div>\n\t\t\t\t<\/div>\n\t\t\t\t\t<\/div>\n\t\t\t\t<\/div>\n\t\t<div class=\"elementor-element elementor-element-22ecd24 e-flex e-con-boxed e-con e-parent\" data-id=\"22ecd24\" data-element_type=\"container\" data-e-type=\"container\">\n\t\t\t\t\t<div class=\"e-con-inner\">\n\t\t<div class=\"elementor-element elementor-element-78b9af2 e-con-full e-flex e-con e-child\" data-id=\"78b9af2\" data-element_type=\"container\" data-e-type=\"container\">\n\t\t<div class=\"elementor-element elementor-element-661141a e-con-full e-flex e-con e-child\" data-id=\"661141a\" data-element_type=\"container\" data-e-type=\"container\">\n\t\t\t\t<div class=\"elementor-element elementor-element-ca18b55 elementor-widget elementor-widget-heading\" data-id=\"ca18b55\" data-element_type=\"widget\" data-e-type=\"widget\" data-widget_type=\"heading.default\">\n\t\t\t\t<div class=\"elementor-widget-container\">\n\t\t\t\t\t<h3 class=\"elementor-heading-title elementor-size-default\">Costruire lo sguardo sull\u2019universo<\/h3>\t\t\t\t<\/div>\n\t\t\t\t<\/div>\n\t\t<div class=\"elementor-element elementor-element-108b061 e-con-full e-flex e-con e-child\" data-id=\"108b061\" data-element_type=\"container\" data-e-type=\"container\">\n\t\t\t\t<div class=\"elementor-element elementor-element-5e48005 elementor-widget elementor-widget-heading\" data-id=\"5e48005\" data-element_type=\"widget\" data-e-type=\"widget\" data-widget_type=\"heading.default\">\n\t\t\t\t<div class=\"elementor-widget-container\">\n\t\t\t\t\t<span class=\"elementor-heading-title elementor-size-default\">Settore aerospaziale<\/span>\t\t\t\t<\/div>\n\t\t\t\t<\/div>\n\t\t\t\t<div class=\"elementor-element elementor-element-176174b elementor-widget elementor-widget-text-editor\" data-id=\"176174b\" data-element_type=\"widget\" data-e-type=\"widget\" data-widget_type=\"text-editor.default\">\n\t\t\t\t<div class=\"elementor-widget-container\">\n\t\t\t\t\t\t\t\t\t<p>In Cimolai l\u2019innovazione nasce dall\u2019incontro tra ingegneria e curiosit\u00e0 scientifica, tra industria e ricerca.\u2028Operare nel settore aerospaziale significa mettere la competenza aziendale al servizio della conoscenza, collaborando con enti di ricerca, universit\u00e0 e istituzioni scientifiche per realizzare infrastrutture a supporto dell\u2019osservazione astronomica e spaziale internazionale.<\/p><p>Costruire gli \u201cocchi\u201d che esplorano l\u2019universo, telescopi di grandi dimensioni, significa dare forma all\u2019innovazione: trasformare l\u2019ingegneria in scoperta, la meccanica in conoscenza, il lavoro umano in meraviglia.\u2028Realizzare strumenti capaci di guardare lontano nello spazio significa contribuire a un futuro pi\u00f9 consapevole, pi\u00f9 curioso e, in definitiva, pi\u00f9 umano<\/p>\t\t\t\t\t\t\t\t<\/div>\n\t\t\t\t<\/div>\n\t\t\t\t<div class=\"elementor-element elementor-element-dcd8cb2 hover-translateX elementor-widget elementor-widget-button\" data-id=\"dcd8cb2\" data-element_type=\"widget\" data-e-type=\"widget\" data-widget_type=\"button.default\">\n\t\t\t\t<div class=\"elementor-widget-container\">\n\t\t\t\t\t\t\t\t\t<div class=\"elementor-button-wrapper\">\n\t\t\t\t\t<a class=\"elementor-button elementor-button-link elementor-size-sm\" href=\"https:\/\/sviluppo.cimolai.com\/fra\/progetti\/?e-filter-169b0b0-projects-business-area=defense-aerospace\">\n\t\t\t\t\t\t<span class=\"elementor-button-content-wrapper\">\n\t\t\t\t\t\t<span class=\"elementor-button-icon\">\n\t\t\t\t<svg xmlns=\"http:\/\/www.w3.org\/2000\/svg\" height=\"24px\" viewbox=\"0 -960 960 960\" width=\"24px\"><path d=\"m560-240-56-58 142-142H160v-80h486L504-662l56-58 240 240-240 240Z\"><\/path><\/svg>\t\t\t<\/span>\n\t\t\t\t\t\t\t\t\t<span class=\"elementor-button-text\">D\u00e9couvrez tous les projets<\/span>\n\t\t\t\t\t<\/span>\n\t\t\t\t\t<\/a>\n\t\t\t\t<\/div>\n\t\t\t\t\t\t\t\t<\/div>\n\t\t\t\t<\/div>\n\t\t\t\t<\/div>\n\t\t<div class=\"elementor-element elementor-element-4740511 e-con-full e-flex e-con e-child\" data-id=\"4740511\" data-element_type=\"container\" data-e-type=\"container\">\n\t\t\t\t<div class=\"elementor-element elementor-element-91d4361 elementor-widget elementor-widget-heading\" data-id=\"91d4361\" data-element_type=\"widget\" data-e-type=\"widget\" data-widget_type=\"heading.default\">\n\t\t\t\t<div class=\"elementor-widget-container\">\n\t\t\t\t\t<span class=\"elementor-heading-title elementor-size-default\">Progetti in evidenza:<\/span>\t\t\t\t<\/div>\n\t\t\t\t<\/div>\n\t\t\t\t<div class=\"elementor-element elementor-element-adb2b8f elementor-grid-2 elementor-grid-tablet-2 elementor-grid-mobile-1 elementor-widget elementor-widget-loop-grid\" data-id=\"adb2b8f\" data-element_type=\"widget\" data-e-type=\"widget\" data-settings=\"{&quot;template_id&quot;:&quot;4951&quot;,&quot;columns&quot;:2,&quot;_skin&quot;:&quot;post&quot;,&quot;columns_tablet&quot;:&quot;2&quot;,&quot;columns_mobile&quot;:&quot;1&quot;,&quot;edit_handle_selector&quot;:&quot;[data-elementor-type=\\&quot;loop-item\\&quot;]&quot;,&quot;row_gap&quot;:{&quot;unit&quot;:&quot;px&quot;,&quot;size&quot;:&quot;&quot;,&quot;sizes&quot;:[]},&quot;row_gap_laptop&quot;:{&quot;unit&quot;:&quot;px&quot;,&quot;size&quot;:&quot;&quot;,&quot;sizes&quot;:[]},&quot;row_gap_tablet&quot;:{&quot;unit&quot;:&quot;px&quot;,&quot;size&quot;:&quot;&quot;,&quot;sizes&quot;:[]},&quot;row_gap_mobile&quot;:{&quot;unit&quot;:&quot;px&quot;,&quot;size&quot;:&quot;&quot;,&quot;sizes&quot;:[]}}\" data-widget_type=\"loop-grid.post\">\n\t\t\t\t<div class=\"elementor-widget-container\">\n\t\t\t\t\t\t\t<div class=\"elementor-loop-container elementor-grid\" role=\"list\">\n\t\t<style id=\"loop-4951\">.elementor-4951 .elementor-element.elementor-element-761e7b3{--display:flex;--flex-direction:row;--container-widget-width:calc( ( 1 - var( --container-widget-flex-grow ) ) * 100% );--container-widget-height:100%;--container-widget-flex-grow:1;--container-widget-align-self:stretch;--flex-wrap-mobile:wrap;--align-items:flex-start;--margin-top:0px;--margin-bottom:0px;--margin-left:0px;--margin-right:0px;--padding-top:0px;--padding-bottom:0px;--padding-left:0px;--padding-right:0px;}.elementor-widget-button .elementor-button{font-family:var( --e-global-typography-accent-font-family ), Sans-serif;font-size:var( --e-global-typography-accent-font-size );font-weight:var( --e-global-typography-accent-font-weight );line-height:var( --e-global-typography-accent-line-height );background-color:var( --e-global-color-accent );}.elementor-4951 .elementor-element.elementor-element-a0dc683 .elementor-button{font-family:\"Manrope\", Sans-serif;font-size:1rem;font-weight:400;text-decoration:underline;line-height:1.5rem;fill:var( --e-global-color-822fd1f );color:var( --e-global-color-822fd1f );background-color:#FFFFFF00;padding:0px 0px 0px 0px;}.elementor-4951 .elementor-element.elementor-element-a0dc683 > .elementor-widget-container{padding:0px 0px 0px 0px;}@media(max-width:1366px){.elementor-widget-button .elementor-button{font-size:var( --e-global-typography-accent-font-size );line-height:var( --e-global-typography-accent-line-height );}}@media(max-width:1024px){.elementor-widget-button .elementor-button{font-size:var( --e-global-typography-accent-font-size );line-height:var( --e-global-typography-accent-line-height );}}@media(max-width:767px){.elementor-widget-button .elementor-button{font-size:var( --e-global-typography-accent-font-size );line-height:var( --e-global-typography-accent-line-height );}}\/* Start custom CSS for button, class: .elementor-element-a0dc683 *\/.elementor-4951 .elementor-element.elementor-element-a0dc683 *{\n    text-decoration:none;\n}\n.elementor-4951 .elementor-element.elementor-element-a0dc683 .elementor-button-icon{\n    color: var(--e-global-color-light-blue); \n    font-size: 1.2rem;\n}\/* End custom CSS *\/<\/style>\t\t<div data-elementor-type=\"loop-item\" data-elementor-id=\"4951\" class=\"elementor elementor-4951 e-loop-item e-loop-item-2668 post-2668 projects type-projects status-publish format-standard has-post-thumbnail hentry\" data-elementor-post-type=\"elementor_library\" data-custom-edit-handle=\"1\">\n\t\t\t<div class=\"elementor-element elementor-element-761e7b3 hover-translateX e-flex e-con-boxed e-con e-parent\" data-id=\"761e7b3\" data-element_type=\"container\" data-e-type=\"container\">\n\t\t\t\t\t<div class=\"e-con-inner\">\n\t\t\t\t<div class=\"elementor-element elementor-element-a0dc683 elementor-align-left elementor-widget elementor-widget-button\" data-id=\"a0dc683\" data-element_type=\"widget\" data-e-type=\"widget\" aria-label=\"Vai al progetto: Telescopio ELT\" data-widget_type=\"button.default\">\n\t\t\t\t<div class=\"elementor-widget-container\">\n\t\t\t\t\t\t\t\t\t<div class=\"elementor-button-wrapper\">\n\t\t\t\t\t<a class=\"elementor-button elementor-button-link elementor-size-sm\" href=\"https:\/\/sviluppo.cimolai.com\/fra\/progetti\/telescopio-elt\/\">\n\t\t\t\t\t\t<span class=\"elementor-button-content-wrapper\">\n\t\t\t\t\t\t\t\t\t<span class=\"elementor-button-text\">Telescopio ELT<\/span>\n\t\t\t\t\t<\/span>\n\t\t\t\t\t<\/a>\n\t\t\t\t<\/div>\n\t\t\t\t\t\t\t\t<\/div>\n\t\t\t\t<\/div>\n\t\t\t\t\t<\/div>\n\t\t\t\t<\/div>\n\t\t\t\t<\/div>\n\t\t\t\t<\/div>\n\t\t\n\t\t\t\t\t\t<\/div>\n\t\t\t\t<\/div>\n\t\t\t\t<\/div>\n\t\t\t\t<\/div>\n\t\t<div data-yec-lazyload-case=\"static-bg\" data-yec-full-image=\"https:\/\/sviluppo.cimolai.com\/wp-content\/uploads\/2025\/12\/cimolai-aerospace-fafa4d831af5ea2ca7e14ea1dff23ee374f182fd-1536x864.jpg\" class=\"elementor-element elementor-element-27462c3 e-con-full e-flex e-con e-child\" data-id=\"27462c3\" data-element_type=\"container\" data-e-type=\"container\" data-settings=\"{&quot;background_background&quot;:&quot;classic&quot;}\">\n\t\t\t\t<div class=\"elementor-element elementor-element-06f4f87 elementor-widget elementor-widget-spacer\" data-id=\"06f4f87\" data-element_type=\"widget\" data-e-type=\"widget\" data-widget_type=\"spacer.default\">\n\t\t\t\t<div class=\"elementor-widget-container\">\n\t\t\t\t\t\t\t<div class=\"elementor-spacer\">\n\t\t\t<div class=\"elementor-spacer-inner\"><\/div>\n\t\t<\/div>\n\t\t\t\t\t\t<\/div>\n\t\t\t\t<\/div>\n\t\t\t\t<\/div>\n\t\t\t\t<\/div>\n\t\t\t\t\t<\/div>\n\t\t\t\t<\/div>\n\t\t<div class=\"elementor-element elementor-element-97175e0 e-flex e-con-boxed e-con e-parent\" data-id=\"97175e0\" data-element_type=\"container\" data-e-type=\"container\" data-settings=\"{&quot;background_background&quot;:&quot;classic&quot;}\">\n\t\t\t\t\t<div class=\"e-con-inner\">\n\t\t<div class=\"elementor-element elementor-element-b9f649e e-con-full e-flex e-con e-child\" data-id=\"b9f649e\" data-element_type=\"container\" data-e-type=\"container\">\n\t\t<div class=\"elementor-element elementor-element-86afb3c e-con-full e-flex e-con e-child\" data-id=\"86afb3c\" data-element_type=\"container\" data-e-type=\"container\">\n\t\t\t\t<div class=\"elementor-element elementor-element-e0b9b6a elementor-widget elementor-widget-heading\" data-id=\"e0b9b6a\" data-element_type=\"widget\" data-e-type=\"widget\" data-widget_type=\"heading.default\">\n\t\t\t\t<div class=\"elementor-widget-container\">\n\t\t\t\t\t<h3 class=\"elementor-heading-title elementor-size-default\">Protezione, sicurezza, affidabilit\u00e0<\/h3>\t\t\t\t<\/div>\n\t\t\t\t<\/div>\n\t\t<div class=\"elementor-element elementor-element-460742f e-con-full e-flex e-con e-child\" data-id=\"460742f\" data-element_type=\"container\" data-e-type=\"container\">\n\t\t\t\t<div class=\"elementor-element elementor-element-925604a elementor-widget elementor-widget-heading\" data-id=\"925604a\" data-element_type=\"widget\" data-e-type=\"widget\" data-widget_type=\"heading.default\">\n\t\t\t\t<div class=\"elementor-widget-container\">\n\t\t\t\t\t<span class=\"elementor-heading-title elementor-size-default\">Settore difesa<\/span>\t\t\t\t<\/div>\n\t\t\t\t<\/div>\n\t\t\t\t<div class=\"elementor-element elementor-element-98eb889 elementor-widget elementor-widget-text-editor\" data-id=\"98eb889\" data-element_type=\"widget\" data-e-type=\"widget\" data-widget_type=\"text-editor.default\">\n\t\t\t\t<div class=\"elementor-widget-container\">\n\t\t\t\t\t\t\t\t\t<p>Cimolai opera dagli anni Settanta nel settore delle Difesa, offrendo soluzioni di carpenteria metallica ad alta resistenza, progettate per garantire sicurezza, protezione e continuit\u00e0 operativa.<\/p><p>L\u2019esperienza tecnica maturata nel corso dei decenni consente di realizzare strutture performanti, sviluppate per rispondere a esigenze specifiche delle infrastrutture militari e dei sistemi di sicurezza avanzati.<\/p><p>Le attivit\u00e0 comprendono la progettazione e costruzione di edifici con porte blindate, hangar e strutture di ricovero per aeromobili, oltre a opere destinate alla protezione contro esplosioni e sollecitazioni estreme.<\/p><p>Ogni progetto \u00e8 sviluppato con l\u2019obiettivo di assicurare affidabilit\u00e0, resistenza e massima tutela degli asset strategici.<\/p>\t\t\t\t\t\t\t\t<\/div>\n\t\t\t\t<\/div>\n\t\t\t\t<div class=\"elementor-element elementor-element-23b9985 hover-translateX elementor-widget elementor-widget-button\" data-id=\"23b9985\" data-element_type=\"widget\" data-e-type=\"widget\" data-widget_type=\"button.default\">\n\t\t\t\t<div class=\"elementor-widget-container\">\n\t\t\t\t\t\t\t\t\t<div class=\"elementor-button-wrapper\">\n\t\t\t\t\t<a class=\"elementor-button elementor-button-link elementor-size-sm\" href=\"\/fra\/progetti\/?e-filter-169b0b0-projects-business-area=edifici\">\n\t\t\t\t\t\t<span class=\"elementor-button-content-wrapper\">\n\t\t\t\t\t\t<span class=\"elementor-button-icon\">\n\t\t\t\t<svg xmlns=\"http:\/\/www.w3.org\/2000\/svg\" height=\"24px\" viewbox=\"0 -960 960 960\" width=\"24px\"><path d=\"m560-240-56-58 142-142H160v-80h486L504-662l56-58 240 240-240 240Z\"><\/path><\/svg>\t\t\t<\/span>\n\t\t\t\t\t\t\t\t\t<span class=\"elementor-button-text\">D\u00e9couvrez tous les projets<\/span>\n\t\t\t\t\t<\/span>\n\t\t\t\t\t<\/a>\n\t\t\t\t<\/div>\n\t\t\t\t\t\t\t\t<\/div>\n\t\t\t\t<\/div>\n\t\t\t\t<\/div>\n\t\t\t\t<\/div>\n\t\t<div data-yec-lazyload-case=\"static-bg\" data-yec-full-image=\"https:\/\/sviluppo.cimolai.com\/wp-content\/uploads\/2025\/12\/cimolai-difesa-f287bdaaf18a2b3251bdd20ecbfdda1dcd1f8022-1024x687.jpg\" class=\"elementor-element elementor-element-5ed3cfd e-con-full e-flex e-con e-child\" data-id=\"5ed3cfd\" data-element_type=\"container\" data-e-type=\"container\" data-settings=\"{&quot;background_background&quot;:&quot;classic&quot;}\">\n\t\t\t\t<div class=\"elementor-element elementor-element-5719ba8 elementor-widget elementor-widget-spacer\" data-id=\"5719ba8\" data-element_type=\"widget\" data-e-type=\"widget\" data-widget_type=\"spacer.default\">\n\t\t\t\t<div class=\"elementor-widget-container\">\n\t\t\t\t\t\t\t<div class=\"elementor-spacer\">\n\t\t\t<div class=\"elementor-spacer-inner\"><\/div>\n\t\t<\/div>\n\t\t\t\t\t\t<\/div>\n\t\t\t\t<\/div>\n\t\t\t\t<\/div>\n\t\t\t\t<\/div>\n\t\t\t\t\t<\/div>\n\t\t\t\t<\/div>\n\t\t<div class=\"elementor-element elementor-element-a91f309 e-con-full e-flex e-con e-parent\" data-id=\"a91f309\" data-element_type=\"container\" data-e-type=\"container\">\n\t\t\t\t<div class=\"elementor-element elementor-element-495640a elementor-widget elementor-widget-template\" data-id=\"495640a\" data-element_type=\"widget\" data-e-type=\"widget\" data-widget_type=\"template.default\">\n\t\t\t\t<div class=\"elementor-widget-container\">\n\t\t\t\t\t\t\t<div class=\"elementor-template\">\n\t\t\t\t\t<div data-elementor-type=\"container\" data-elementor-id=\"4881\" class=\"elementor elementor-4881\" data-elementor-post-type=\"elementor_library\">\n\t\t\t\t<div data-yec-lazyload-case=\"static-bg\" data-yec-full-image=\"https:\/\/sviluppo.cimolai.com\/wp-content\/uploads\/2026\/02\/Medio-Padana_stazione_Reggio-Emilia_01-scaled.jpg\" class=\"elementor-element elementor-element-68ce1331 e-flex e-con-boxed e-con e-parent\" data-id=\"68ce1331\" data-element_type=\"container\" data-e-type=\"container\" data-settings=\"{&quot;background_background&quot;:&quot;classic&quot;}\">\n\t\t\t\t\t<div class=\"e-con-inner\">\n\t\t\t\t<div class=\"elementor-element elementor-element-2c36556f drop-shadow-md-dark-blue elementor-widget elementor-widget-heading\" data-id=\"2c36556f\" data-element_type=\"widget\" data-e-type=\"widget\" data-widget_type=\"heading.default\">\n\t\t\t\t<div class=\"elementor-widget-container\">\n\t\t\t\t\t<h3 class=\"elementor-heading-title elementor-size-default\">Durabilit\u00e9<\/h3>\t\t\t\t<\/div>\n\t\t\t\t<\/div>\n\t\t<div class=\"elementor-element elementor-element-56515ae0 e-con-full e-flex e-con e-child\" data-id=\"56515ae0\" data-element_type=\"container\" data-e-type=\"container\">\n\t\t\t\t<div class=\"elementor-element elementor-element-7493a6a1 drop-shadow-md-dark-blue elementor-widget elementor-widget-heading\" data-id=\"7493a6a1\" data-element_type=\"widget\" data-e-type=\"widget\" data-widget_type=\"heading.default\">\n\t\t\t\t<div class=\"elementor-widget-container\">\n\t\t\t\t\t<p class=\"elementor-heading-title elementor-size-default\">Il nostro viaggio verso la sostenibilit\u00e0<\/p>\t\t\t\t<\/div>\n\t\t\t\t<\/div>\n\t\t\t\t<div class=\"elementor-element elementor-element-1f2ef573 drop-shadow-md-dark-blue elementor-widget__width-initial elementor-widget elementor-widget-text-editor\" data-id=\"1f2ef573\" data-element_type=\"widget\" data-e-type=\"widget\" data-widget_type=\"text-editor.default\">\n\t\t\t\t<div class=\"elementor-widget-container\">\n\t\t\t\t\t\t\t\t\t<p>Per l\u2019ambiente, le persone e il territorio, con etica e trasparenza. \u2028Il nostro impegno per un futuro pi\u00f9 sostenibile.<\/p>\t\t\t\t\t\t\t\t<\/div>\n\t\t\t\t<\/div>\n\t\t\t\t<div class=\"elementor-element elementor-element-1c6350c5 hover-translateX drop-shadow-md-dark-blue  link-decoration-underline underline-color-white underline-stroke-075 elementor-widget elementor-widget-button\" data-id=\"1c6350c5\" data-element_type=\"widget\" data-e-type=\"widget\" data-widget_type=\"button.default\">\n\t\t\t\t<div class=\"elementor-widget-container\">\n\t\t\t\t\t\t\t\t\t<div class=\"elementor-button-wrapper\">\n\t\t\t\t\t<a class=\"elementor-button elementor-button-link elementor-size-sm\" href=\"https:\/\/sviluppo.cimolai.com\/fra\/sostenibilita\/\">\n\t\t\t\t\t\t<span class=\"elementor-button-content-wrapper\">\n\t\t\t\t\t\t<span class=\"elementor-button-icon\">\n\t\t\t\t<svg xmlns=\"http:\/\/www.w3.org\/2000\/svg\" height=\"24px\" viewbox=\"0 -960 960 960\" width=\"24px\"><path d=\"m560-240-56-58 142-142H160v-80h486L504-662l56-58 240 240-240 240Z\"><\/path><\/svg>\t\t\t<\/span>\n\t\t\t\t\t\t\t\t\t<span class=\"elementor-button-text\">Durabilit\u00e9<\/span>\n\t\t\t\t\t<\/span>\n\t\t\t\t\t<\/a>\n\t\t\t\t<\/div>\n\t\t\t\t\t\t\t\t<\/div>\n\t\t\t\t<\/div>\n\t\t\t\t<\/div>\n\t\t\t\t\t<\/div>\n\t\t\t\t<\/div>\n\t\t\t\t<\/div>\n\t\t\t\t<\/div>\n\t\t\t\t\t\t<\/div>\n\t\t\t\t<\/div>\n\t\t\t\t<\/div>\n\t\t\t\t<\/div>","protected":false},"excerpt":{"rendered":"<p>L\u2019esperienza maturata nella realizzazione di strutture complesse e ad alta precisione consente a Cimolai di affrontare sfide uniche, trasformando competenza tecnica in conoscenza e progresso.<\/p>","protected":false},"author":1,"featured_media":5242,"parent":814,"menu_order":0,"comment_status":"closed","ping_status":"closed","template":"","meta":{"_acf_changed":false,"footnotes":""},"class_list":["post-808","page","type-page","status-publish","has-post-thumbnail","hentry"],"acf":[],"_links":{"self":[{"href":"https:\/\/sviluppo.cimolai.com\/fra\/wp-json\/wp\/v2\/pages\/808","targetHints":{"allow":["GET"]}}],"collection":[{"href":"https:\/\/sviluppo.cimolai.com\/fra\/wp-json\/wp\/v2\/pages"}],"about":[{"href":"https:\/\/sviluppo.cimolai.com\/fra\/wp-json\/wp\/v2\/types\/page"}],"author":[{"embeddable":true,"href":"https:\/\/sviluppo.cimolai.com\/fra\/wp-json\/wp\/v2\/users\/1"}],"replies":[{"embeddable":true,"href":"https:\/\/sviluppo.cimolai.com\/fra\/wp-json\/wp\/v2\/comments?post=808"}],"version-history":[{"count":25,"href":"https:\/\/sviluppo.cimolai.com\/fra\/wp-json\/wp\/v2\/pages\/808\/revisions"}],"predecessor-version":[{"id":5615,"href":"https:\/\/sviluppo.cimolai.com\/fra\/wp-json\/wp\/v2\/pages\/808\/revisions\/5615"}],"up":[{"embeddable":true,"href":"https:\/\/sviluppo.cimolai.com\/fra\/wp-json\/wp\/v2\/pages\/814"}],"wp:featuredmedia":[{"embeddable":true,"href":"https:\/\/sviluppo.cimolai.com\/fra\/wp-json\/wp\/v2\/media\/5242"}],"wp:attachment":[{"href":"https:\/\/sviluppo.cimolai.com\/fra\/wp-json\/wp\/v2\/media?parent=808"}],"curies":[{"name":"wp","href":"https:\/\/api.w.org\/{rel}","templated":true}]}}